{"id":3044,"date":"2014-09-02T08:22:35","date_gmt":"2014-09-02T07:22:35","guid":{"rendered":"http:\/\/sterlingquestassociates.com\/wp-fr\/?page_id=3044"},"modified":"2014-09-02T08:22:35","modified_gmt":"2014-09-02T07:22:35","slug":"reseau-international","status":"publish","type":"page","link":"https:\/\/rlbfrance.fr\/wp-en\/aboutus\/reseau-international\/","title":{"rendered":"R\u00e9seau international"},"content":{"rendered":"<div class=\"wpb-content-wrapper\"><p>[vc_row][vc_column width=\u00a0\u00bb2\/3&Prime;][vc_column_text]<img loading=\"lazy\" decoding=\"async\" class=\"alignnone size-full wp-image-3059\" src=\"http:\/\/www.sqa.fr\/wp-en\/wp-content\/uploads\/2014\/09\/reasau-RLB1.jpg\" alt=\"reasau-RLB\" width=\"804\" height=\"400\" srcset=\"https:\/\/rlbfrance.fr\/wp-en\/wp-content\/uploads\/2014\/09\/reasau-RLB1.jpg 804w, https:\/\/rlbfrance.fr\/wp-en\/wp-content\/uploads\/2014\/09\/reasau-RLB1-600x299.jpg 600w, https:\/\/rlbfrance.fr\/wp-en\/wp-content\/uploads\/2014\/09\/reasau-RLB1-300x149.jpg 300w\" sizes=\"(max-width: 804px) 100vw, 804px\" \/>[\/vc_column_text][\/vc_column][vc_column width=\u00a0\u00bb1\/3&Prime;]<div class=\"gap\" style=\"line-height: 10px; height: 10px;\"><\/div>[vc_column_text]<\/p>\n<h3><span style=\"color: #ff0000;\">Un r\u00e9seau international<\/span><\/h3>\n<p>[\/vc_column_text]<div class=\"gap\" style=\"line-height: 10px; height: 10px;\"><\/div>[vc_column_text]Le r\u00e9seau RLB est <strong>un r\u00e9seau ind\u00e9pendant comprenant 120 bureaux<\/strong>, en Europe, Moyen-Orient, Afrique, Am\u00e9riques, Oc\u00e9anie et Asie, comprenant 3\u00a0500 collaborateurs, sp\u00e9cialis\u00e9s dans des domaines multiples, autour des m\u00e9tiers du conseil, du cost management et du project management.<\/p>\n<p><strong>Les membres du r\u00e9seau assurent une repr\u00e9sentation de RLB en Asie, en Europe, en Oc\u00e9anie, au Moyen Orient, en Afrique et en Am\u00e9riques.<\/strong>[\/vc_column_text][vc_button2 title=\u00a0\u00bbVoir le site RLB\u00a0\u00bb style=\u00a0\u00bbrounded\u00a0\u00bb color=\u00a0\u00bbjuicy_pink\u00a0\u00bb size=\u00a0\u00bbmd\u00a0\u00bb link=\u00a0\u00bburl:http%3A%2F%2Frlb.com%2F||target:%20_blank\u00a0\u00bb]<div class=\"gap\" style=\"line-height: 10px; height: 10px;\"><\/div>[\/vc_column][\/vc_row][vc_row][vc_column width=\u00a0\u00bb1\/1&Prime;]<div class=\"gap\" style=\"line-height: 20px; height: 20px;\"><\/div><div class=\"hr-thin style-line\" style=\"width: 100%;border-top-width: 1px;\"><\/div><div class=\"gap\" style=\"line-height: 20px; height: 20px;\"><\/div>[\/vc_column][\/vc_row][vc_row][vc_column width=\u00a0\u00bb1\/2&Prime;][vc_column_text]<\/p>\n<h3><strong>L\u2019histoire du r\u00e9seau<\/strong><\/h3>\n<p>[\/vc_column_text]<div class=\"gap\" style=\"line-height: 20px; height: 20px;\"><\/div>[vc_column_text]<span style=\"color: #ff0000;\">En 1785<\/span>, Henry Cooper cr\u00e9e une soci\u00e9t\u00e9 de Quantity Surveyors \u00e0 Reading en Angleterre,<\/p>\n<p><span style=\"color: #ff0000;\">En 1799<\/span>, Henry Cooper et ses fils ouvre un deuxi\u00e8me bureau \u00e0 Londres.<br \/>\nDurant le 19i\u00e8me si\u00e8cle, la soci\u00e9t\u00e9 travaille sur un nombre important de projet d\u2019ing\u00e9nierie, sous la direction d\u2019Isambard Kingdom Brunel, un ing\u00e9nieur connu pour avoir cr\u00e9\u00e9 le Great Western Railway (Grand chemin de fer de l&rsquo;Ouest, ligne Londres-Bristol), une c\u00e9l\u00e8bre s\u00e9rie de vapeurs, dont le premier pourvu d&rsquo;une h\u00e9lice, et de nombreux ponts et tunnels importants.<\/p>\n<p><span style=\"color: #ff0000;\">En 1895<\/span>, le petit fils d\u2019Henry Cooper vend le bureau de Londres \u00e0 John Rider Hunt et un accord de partenariat est sign\u00e9 avec le bureau de Reading.<\/p>\n<p><span style=\"color: #ff0000;\">En 1910<\/span>, \u00e0 la mort de John Rider Hunt, le bureau de Londres est renomm\u00e9 Rider Hunt and Partners.<br \/>\nAu d\u00e9but du 20i\u00e8me si\u00e8cle, de nombreux bureaux sont ouverts \u00e0 travers l\u2019Angleterre.<\/p>\n<p><span style=\"color: #ff0000;\">En 1949<\/span>, Rider Hunt and Partners ouvre son premier bureau \u00e0 l\u2019\u00e9tranger, \u00e0 Melbourne, en Australie. Ce bureau est ouvert par Harry Wexler.<br \/>\nBucknall Austin ouvre son premier bureau au Royaume Uni en 1947 et se d\u00e9veloppe pour atteindre jusqu\u2019\u00e0 350 personnes \u00e0 travers le Royaume Uni.<br \/>\nLevett &amp; Bailey ouvre son premier bureau de Quantity Surveyors \u00e0 Hong Kong en 1962. D\u2019un d\u00e9part modeste, le bureau s\u2019est d\u00e9velopp\u00e9 avec la croissance \u00e9conomique de Hong Kong pour devenir l\u2019un des plus grands au monde, avec de nombreux bureaux \u00e0 travers la Chine.<\/p>\n<p><span style=\"color: #ff0000;\">En 1992<\/span>, Rider Hunt s\u2019associe avec la soci\u00e9t\u00e9 Construction Services Limited (CSL), une soci\u00e9t\u00e9 sp\u00e9cialis\u00e9 dans la construction et l\u2019estimation, pour former Rider Hunt Levett &amp; Bailey. CSL avait \u00e9t\u00e9 cr\u00e9\u00e9 par Jack Matthews \u00e0 Hawaii en 1968 et op\u00e9r\u00e9 principalement dans le Pacifique.[\/vc_column_text][\/vc_column][vc_column width=\u00a0\u00bb1\/2&Prime;][vc_column_text]<span style=\"color: #ff0000;\"><img loading=\"lazy\" decoding=\"async\" class=\"size-full wp-image-3050 aligncenter\" src=\"http:\/\/www.sqa.fr\/wp-en\/wp-content\/uploads\/2014\/09\/rlb-history.jpg\" alt=\"rlb-history\" width=\"600\" height=\"300\" srcset=\"https:\/\/rlbfrance.fr\/wp-en\/wp-content\/uploads\/2014\/09\/rlb-history.jpg 600w, https:\/\/rlbfrance.fr\/wp-en\/wp-content\/uploads\/2014\/09\/rlb-history-300x150.jpg 300w\" sizes=\"(max-width: 600px) 100vw, 600px\" \/><\/span>[\/vc_column_text]<div class=\"gap\" style=\"line-height: 10px; height: 10px;\"><\/div>[vc_column_text]<span style=\"color: #ff0000;\">En 1993<\/span>, Davis Langdon International (leader mondial de l\u2019\u00e9conomie de la construction, qui sera absorb\u00e9 en 2013 par AECOM) cr\u00e9\u00e9 Davis Longdon France. La soci\u00e9t\u00e9 est c\u00e9d\u00e9e en 2006 \u00e0 Jamestown Limited \u00e0 Londres et devient Sterling Quest Associates. La soci\u00e9t\u00e9 comprend alors 50 collaborateurs.<\/p>\n<p><span style=\"color: #ff0000;\">En 2008<\/span> est cr\u00e9\u00e9 le r\u00e9seau Rider Levett Bucknaal. Il comprend alors 80 bureaux \u00e0 travers le monde, sur l\u2019ensemble des continents. Sterling Quest Associates fait partit des fondateurs.<\/p>\n<p><span style=\"color: #ff0000;\">En 2010<\/span>, les membres du r\u00e9seau ont f\u00eat\u00e9 les 225 ans de Rider Levett Bucknaall.[\/vc_column_text]<div class=\"gap\" style=\"line-height: 10px; height: 10px;\"><\/div>[vc_button2 title=\u00a0\u00bbVoir le site RLB\u00a0\u00bb style=\u00a0\u00bbrounded\u00a0\u00bb color=\u00a0\u00bbjuicy_pink\u00a0\u00bb size=\u00a0\u00bbmd\u00a0\u00bb link=\u00a0\u00bburl:http%3A%2F%2Frlb.com%2F||target:%20_blank\u00a0\u00bb][\/vc_column][\/vc_row]<\/p>\n<\/div>","protected":false},"excerpt":{"rendered":"<p>[vc_row][vc_column width=\u00a0\u00bb2\/3&Prime;][vc_column_text][\/vc_column_text][\/vc_column][vc_column width=\u00a0\u00bb1\/3&Prime;][vc_column_text] Un r\u00e9seau international [\/vc_column_text][vc_column_text]Le r\u00e9seau RLB est un r\u00e9seau ind\u00e9pendant comprenant 120 bureaux, en Europe, Moyen-Orient, Afrique, Am\u00e9riques, Oc\u00e9anie et Asie, comprenant 3\u00a0500 collaborateurs, sp\u00e9cialis\u00e9s dans des domaines multiples, autour des m\u00e9tiers du conseil, du cost management et du project management. Les membres du r\u00e9seau assurent une repr\u00e9sentation de RLB en Asie,&hellip;<\/p>\n","protected":false},"author":1,"featured_media":0,"parent":504,"menu_order":0,"comment_status":"closed","ping_status":"closed","template":"","meta":{"footnotes":""},"yst_prominent_words":[],"class_list":["post-3044","page","type-page","status-publish","hentry","description-off"],"_links":{"self":[{"href":"https:\/\/rlbfrance.fr\/wp-en\/wp-json\/wp\/v2\/pages\/3044"}],"collection":[{"href":"https:\/\/rlbfrance.fr\/wp-en\/wp-json\/wp\/v2\/pages"}],"about":[{"href":"https:\/\/rlbfrance.fr\/wp-en\/wp-json\/wp\/v2\/types\/page"}],"author":[{"embeddable":true,"href":"https:\/\/rlbfrance.fr\/wp-en\/wp-json\/wp\/v2\/users\/1"}],"replies":[{"embeddable":true,"href":"https:\/\/rlbfrance.fr\/wp-en\/wp-json\/wp\/v2\/comments?post=3044"}],"version-history":[{"count":0,"href":"https:\/\/rlbfrance.fr\/wp-en\/wp-json\/wp\/v2\/pages\/3044\/revisions"}],"up":[{"embeddable":true,"href":"https:\/\/rlbfrance.fr\/wp-en\/wp-json\/wp\/v2\/pages\/504"}],"wp:attachment":[{"href":"https:\/\/rlbfrance.fr\/wp-en\/wp-json\/wp\/v2\/media?parent=3044"}],"wp:term":[{"taxonomy":"yst_prominent_words","embeddable":true,"href":"https:\/\/rlbfrance.fr\/wp-en\/wp-json\/wp\/v2\/yst_prominent_words?post=3044"}],"curies":[{"name":"wp","href":"https:\/\/api.w.org\/{rel}","templated":true}]}}